{"id":2,"date":"2024-05-27T03:25:38","date_gmt":"2024-05-27T03:25:38","guid":{"rendered":"https:\/\/joblays.co.jp\/?page_id=2"},"modified":"2024-06-08T13:12:26","modified_gmt":"2024-06-08T04:12:26","slug":"service","status":"publish","type":"page","link":"https:\/\/joblays.co.jp\/","title":{"rendered":"Service"},"content":{"rendered":"\n<div style=\"height:100px\" aria-hidden=\"true\" class=\"wp-block-spacer\"><\/div>\n\n\n\n<div class=\"wp-block-columns reverse is-layout-flex wp-container-core-columns-is-layout-9d6595d7 wp-block-columns-is-layout-flex\">\n<div class=\"wp-block-column is-layout-flow wp-block-column-is-layout-flow\">\n<h4 class=\"wp-block-heading\">\u30bf\u30ec\u30f3\u30c8\u80b2\u6210\u4e8b\u696d<\/h4>\n\n\n\n<p class=\"has-small-font-size\">\u25cf\u30aa\u30f3\u30e9\u30a4\u30f3\u6559\u80b2\/\u30d7\u30ed\u30b0\u30e9\u30df\u30f3\u30b0\u6559\u80b2\u306e\u4f01\u753b\u30fb\u5b9f\u65bd<br>\u25cf\u6559\u80b2\u7814\u4fee\u306e\u4f01\u753b\u30fb\u904b\u55b6<br>\u25cf\u6559\u80b2\u652f\u63f4\u30b7\u30b9\u30c6\u30e0\u306e\u4f01\u753b\u30fb\u958b\u767a\u30fb\u8ca9\u58f2<br>\u25cf\u6559\u6750\/\u30de\u30cb\u30e5\u30a2\u30eb\/\u30cf\u30f3\u30c9\u30d6\u30c3\u30af\/\u30d1\u30f3\u30d5\u30ec\u30c3\u30c8\/\u66f8\u7c4d\u306e\u4f01\u753b\u30fb\u5236\u4f5c<br>\u25cf\u30a4\u30f3\u30bf\u30fc\u30cd\u30c3\u30c8\/\u60c5\u5831\u901a\u4fe1\u30cd\u30c3\u30c8\u30ef\u30fc\u30af\u30b3\u30f3\u30c6\u30f3\u30c4\/\u30a2\u30d7\u30ea\u30b1\u30fc\u30b7\u30e7\u30f3\u306e\u4f01\u753b\u30fb\u5236\u4f5c\u30fb\u8ca9\u58f2<br>\u25cf\u60c5\u5831\u30b7\u30b9\u30c6\u30e0\u306e\u4f01\u753b\u30fb\u958b\u767a\u30fb\u8ca9\u58f2<br>\u25cf\u97f3\u697d\u30bd\u30d5\u30c8\u306e\u4f01\u753b\u30fb\u958b\u767a\u30fb\u8ca9\u58f2<br>\u25cf\u30b3\u30f3\u30d4\u30e5\u30fc\u30bf\u30b0\u30e9\u30d5\u30a3\u30c3\u30af\u30b9\u306e\u4f01\u753b\u30fb\u958b\u767a\u30fb\u8ca9\u58f2<br>\u25cf\u6620\u50cf\u30b7\u30b9\u30c6\u30e0\u306e\u4f01\u753b\u30fb\u958b\u767a\u30fb\u8ca9\u58f2<br>\u25cf\u6559\u80b2\u30a4\u30d9\u30f3\u30c8\u306e\u4f01\u753b\u30fb\u904b\u55b6<\/p>\n<\/div>\n\n\n\n<div class=\"wp-block-column is-layout-flow wp-block-column-is-layout-flow\">\n<figure class=\"wp-block-image size-large\"><img loading=\"lazy\" decoding=\"async\" width=\"1024\" height=\"614\" src=\"https:\/\/joblays.co.jp\/wp-content\/uploads\/2024\/06\/sc_01-1024x614.png\" alt=\"\" class=\"wp-image-300\" srcset=\"https:\/\/joblays.co.jp\/wp-content\/uploads\/2024\/06\/sc_01-1024x614.png 1024w, https:\/\/joblays.co.jp\/wp-content\/uploads\/2024\/06\/sc_01-300x180.png 300w, https:\/\/joblays.co.jp\/wp-content\/uploads\/2024\/06\/sc_01-768x461.png 768w, https:\/\/joblays.co.jp\/wp-content\/uploads\/2024\/06\/sc_01-1536x921.png 1536w, https:\/\/joblays.co.jp\/wp-content\/uploads\/2024\/06\/sc_01-2048x1229.png 2048w\" sizes=\"auto, (max-width: 1024px) 100vw, 1024px\" \/><\/figure>\n<\/div>\n<\/div>\n\n\n\n<div class=\"wp-block-columns is-layout-flex wp-container-core-columns-is-layout-9d6595d7 wp-block-columns-is-layout-flex\">\n<div class=\"wp-block-column is-layout-flow wp-block-column-is-layout-flow\">\n<figure class=\"wp-block-image size-full\"><img loading=\"lazy\" decoding=\"async\" width=\"1984\" height=\"1961\" src=\"https:\/\/joblays.co.jp\/wp-content\/uploads\/2024\/06\/sc_02.png\" alt=\"\" class=\"wp-image-301\" srcset=\"https:\/\/joblays.co.jp\/wp-content\/uploads\/2024\/06\/sc_02.png 1984w, https:\/\/joblays.co.jp\/wp-content\/uploads\/2024\/06\/sc_02-300x297.png 300w, https:\/\/joblays.co.jp\/wp-content\/uploads\/2024\/06\/sc_02-1024x1012.png 1024w, https:\/\/joblays.co.jp\/wp-content\/uploads\/2024\/06\/sc_02-768x759.png 768w, https:\/\/joblays.co.jp\/wp-content\/uploads\/2024\/06\/sc_02-1536x1518.png 1536w\" sizes=\"auto, (max-width: 1984px) 100vw, 1984px\" \/><\/figure>\n<\/div>\n\n\n\n<div class=\"wp-block-column is-layout-flow wp-block-column-is-layout-flow\">\n<h4 class=\"wp-block-heading\">\u30a8\u30f3\u30bf\u30fc\u30c6\u30a4\u30e1\u30f3\u30c8\u4e8b\u696d<\/h4>\n\n\n\n<p class=\"has-small-font-size\">\u25cf\u5404\u7a2e\u30a8\u30f3\u30bf\u30fc\u30c6\u30a4\u30e1\u30f3\u30c8\u306b\u95a2\u3059\u308b\u4f01\u753b\u30fb\u30d7\u30ed\u30c7\u30e5\u30fc\u30b9\u30fb\u30b3\u30f3\u30b5\u30eb\u30c6\u30a3\u30f3\u30b0<br>\u25cf\u30c6\u30ec\u30d3\/\u30e9\u30b8\u30aa\u756a\u7d44\/\u6620\u753b\/\u6620\u50cf\u306e\u4f01\u753b\u30fb\u5236\u4f5c\u30fb\u7de8\u96c6\u30fb\u8ca9\u58f2<br>\u25cf\u30e9\u30a4\u30d6\u30b3\u30f3\u30b5\u30fc\u30c8\/\u4ea4\u6d41\u4f1a\u306e\u4f01\u753b\u30fb\u5236\u4f5c\u30fb\u904b\u55b6\u30fb\u5b9f\u65bd<br>\u25cf\u30aa\u30ea\u30b8\u30ca\u30eb\u30b0\u30c3\u30ba\u3001\u30ad\u30e3\u30e9\u30af\u30bf\u30fc\u30b0\u30c3\u30ba\u306e\u4f01\u753b\u30fb\u958b\u767a\u30fb\u5236\u4f5c\u30fb\u8ca9\u58f2<br>\u25cf\u30a2\u30cb\u30e1\u30fc\u30b7\u30e7\u30f3\/CG\u30c7\u30b6\u30a4\u30f3\u306e\u4f01\u753b\u30fb\u958b\u767a\u30fb\u5236\u4f5c\u30fb\u8ca9\u58f2<br>\u25cfCD\/\u30d3\u30c7\u30aa\/DVD\u306e\u4f01\u753b\u30fb\u958b\u767a\u30fb\u5236\u4f5c\u30fb\u7de8\u96c6\u30fb\u8ca9\u58f2\u30fb\u8f38\u51fa\u5165<br>\u25cf\u97f3\u58f0\u30bd\u30d5\u30c8\u306e\u4f01\u753b\u30fb\u958b\u767a\u30fb\u5236\u4f5c\u30fb\u7de8\u96c6\u30fb\u8ca9\u58f2\u30fb\u8f38\u51fa\u5165<\/p>\n<\/div>\n<\/div>\n\n\n\n<div class=\"wp-block-columns reverse is-layout-flex wp-container-core-columns-is-layout-9d6595d7 wp-block-columns-is-layout-flex\">\n<div class=\"wp-block-column is-layout-flow wp-block-column-is-layout-flow\">\n<h4 class=\"wp-block-heading\">\u30c7\u30b8\u30bf\u30eb\u30b3\u30f3\u30c6\u30f3\u30c4\u4e8b\u696d<\/h4>\n\n\n\n<p class=\"has-small-font-size\">\u25cf\u30cd\u30c3\u30c8\u30ef\u30fc\u30af\u30b3\u30f3\u30c6\u30f3\u30c4\u306e\u4f01\u753b\u30fb\u7814\u7a76\u30fb\u958b\u767a\u53ca\u3073\u30b3\u30f3\u30b5\u30eb\u30c6\u30a3\u30f3\u30b0<br>\u25cf\u4eba\u6750\u6559\u80b2\uff08\u52d5\u753b\u914d\u4fe1\u8005\/\u904b\u55b6\u30b9\u30bf\u30c3\u30d5\u306a\u3069\uff09<br>\u25cf\u30aa\u30f3\u30e9\u30a4\u30f3\u30ec\u30c3\u30b9\u30f3\u306e\u63d0\u4f9b<br>\u25cf\u30a6\u30a7\u30d6\u30b5\u30a4\u30c8\u306e\u4f01\u753b\/\u30c7\u30b6\u30a4\u30f3\/\u69cb\u7bc9<br>\u25cf\u30a6\u30a7\u30d6\u30b5\u30a4\u30c8\u306e\u4fdd\u5b88\/\u904b\u7528\/\u30b3\u30f3\u30b5\u30eb\u30c6\u30a3\u30f3\u30b0<br>\u25cf\u30a2\u30af\u30bb\u30b9\u89e3\u6790\u306b\u57fa\u3065\u304f\u7d99\u7d9a\u7684\u306a\u30a6\u30a7\u30d6\u30b5\u30a4\u30c8\u6539\u5584<br>\u25cf\u4f01\u696d\u30d6\u30e9\u30f3\u30c7\u30a3\u30f3\u30b0<\/p>\n<\/div>\n\n\n\n<div class=\"wp-block-column is-layout-flow wp-block-column-is-layout-flow\">\n<figure class=\"wp-block-image size-large\"><img loading=\"lazy\" decoding=\"async\" width=\"1024\" height=\"665\" src=\"https:\/\/joblays.co.jp\/wp-content\/uploads\/2024\/06\/sc_03-1024x665.png\" alt=\"\" class=\"wp-image-302\" srcset=\"https:\/\/joblays.co.jp\/wp-content\/uploads\/2024\/06\/sc_03-1024x665.png 1024w, https:\/\/joblays.co.jp\/wp-content\/uploads\/2024\/06\/sc_03-300x195.png 300w, https:\/\/joblays.co.jp\/wp-content\/uploads\/2024\/06\/sc_03-768x499.png 768w, https:\/\/joblays.co.jp\/wp-content\/uploads\/2024\/06\/sc_03-1536x997.png 1536w, https:\/\/joblays.co.jp\/wp-content\/uploads\/2024\/06\/sc_03-2048x1329.png 2048w\" sizes=\"auto, (max-width: 1024px) 100vw, 1024px\" \/><\/figure>\n<\/div>\n<\/div>\n\n\n\n<div class=\"wp-block-columns is-layout-flex wp-container-core-columns-is-layout-9d6595d7 wp-block-columns-is-layout-flex\">\n<div class=\"wp-block-column is-layout-flow wp-block-column-is-layout-flow\">\n<figure class=\"wp-block-image size-full\"><img loading=\"lazy\" decoding=\"async\" width=\"2210\" height=\"1841\" src=\"https:\/\/joblays.co.jp\/wp-content\/uploads\/2024\/06\/sc_04.png\" alt=\"\" class=\"wp-image-303\" srcset=\"https:\/\/joblays.co.jp\/wp-content\/uploads\/2024\/06\/sc_04.png 2210w, https:\/\/joblays.co.jp\/wp-content\/uploads\/2024\/06\/sc_04-300x250.png 300w, https:\/\/joblays.co.jp\/wp-content\/uploads\/2024\/06\/sc_04-1024x853.png 1024w, https:\/\/joblays.co.jp\/wp-content\/uploads\/2024\/06\/sc_04-768x640.png 768w, https:\/\/joblays.co.jp\/wp-content\/uploads\/2024\/06\/sc_04-1536x1280.png 1536w, https:\/\/joblays.co.jp\/wp-content\/uploads\/2024\/06\/sc_04-2048x1706.png 2048w\" sizes=\"auto, (max-width: 2210px) 100vw, 2210px\" \/><\/figure>\n<\/div>\n\n\n\n<div class=\"wp-block-column is-layout-flow wp-block-column-is-layout-flow\">\n<h4 class=\"wp-block-heading\">\u30c7\u30b6\u30a4\u30f3\u4e8b\u696d<\/h4>\n\n\n\n<p class=\"has-small-font-size\">\u25cfDM\/\u30ab\u30bf\u30ed\u30b0\/\u30d1\u30f3\u30d5\u30ec\u30c3\u30c8\/\u30c1\u30e9\u30b7\u306e\u4f01\u753b\u30fb\u30c7\u30b6\u30a4\u30f3<br>\u25cf\u30a4\u30e9\u30b9\u30c8\u5236\u4f5c<br>\u25cf\u63a1\u7528\u30b5\u30a4\u30c8\/\u30ad\u30e3\u30f3\u30da\u30fc\u30f3\u30b5\u30a4\u30c8\u306e\u4f01\u753b\u30fb\u5236\u4f5c<br>\u25cf\u63a1\u7528\u30d1\u30f3\u30d5\u30ec\u30c3\u30c8\u306e\u4f01\u753b\u30fb\u5236\u4f5c<br>\u25cf\u30a4\u30f3\u30bf\u30fc\u30cd\u30c3\u30c8\u5e83\u544a\u306e\u4f01\u753b\u30fb\u5236\u4f5c<br>\u25cf\u5404\u7a2e\u7269\u54c1\u306e\u4f01\u753b\u30fb\u30c7\u30b6\u30a4\u30f3\u30fb\u88fd\u9020\u30fb\u8ca9\u58f2\u30fb\u901a\u4fe1\u8ca9\u58f2\u30fb\u8f38\u51fa\u5165<br>\u25cf\u5e83\u544a\/\u5ba3\u4f1d\/\u5404\u7a2e\u30d7\u30ed\u30e2\u30fc\u30b7\u30e7\u30f3\/\u30de\u30fc\u30b1\u30c6\u30a3\u30f3\u30b0\u306b\u95a2\u3059\u308b\u4f01\u753b\u30fb\u5236\u4f5c\u3001\u4e26\u3073\u306b\u5e83\u544a\u4ee3\u7406\u5e97<\/p>\n<\/div>\n<\/div>\n\n\n\n<div style=\"height:100px\" aria-hidden=\"true\" class=\"wp-block-spacer\"><\/div>\n\n\n\n<h2 class=\"wp-block-heading alignfull has-text-align-center has-white-color has-vivid-cyan-blue-background-color has-text-color has-background has-link-color wp-elements-3dc1f64827081b586154027417fbcc41\">Contact<\/h2>\n\n\n\n<h2 class=\"wp-block-heading has-text-align-center has-medium-font-size\">\u304a\u554f\u3044\u5408\u308f\u305b<\/h2>\n\n\n\n<div style=\"height:50px\" aria-hidden=\"true\" class=\"wp-block-spacer\"><\/div>\n\n\n\n<div class=\"wpcf7 no-js\" id=\"wpcf7-f225-o1\" lang=\"ja\" dir=\"ltr\">\n<div class=\"screen-reader-response\"><p role=\"status\" aria-live=\"polite\" aria-atomic=\"true\"><\/p> <ul><\/ul><\/div>\n<form action=\"\/index.php?rest_route=%2Fwp%2Fv2%2Fpages%2F2#wpcf7-f225-o1\" method=\"post\" class=\"wpcf7-form init\" aria-label=\"\u30b3\u30f3\u30bf\u30af\u30c8\u30d5\u30a9\u30fc\u30e0\" novalidate=\"novalidate\" data-status=\"init\">\n<div style=\"display: none;\">\n<input type=\"hidden\" name=\"_wpcf7\" value=\"225\" \/>\n<input type=\"hidden\" name=\"_wpcf7_version\" value=\"5.9.5\" \/>\n<input type=\"hidden\" name=\"_wpcf7_locale\" value=\"ja\" \/>\n<input type=\"hidden\" name=\"_wpcf7_unit_tag\" value=\"wpcf7-f225-o1\" \/>\n<input type=\"hidden\" name=\"_wpcf7_container_post\" value=\"0\" \/>\n<input type=\"hidden\" name=\"_wpcf7_posted_data_hash\" value=\"\" \/>\n<\/div>\n<table class=\"CF7_table\">\n\t<tr>\n\t\t<th>\n\t\t\t<p><span class=\"CF7_req\">\u5fc5\u9808<\/span> \u3054\u76f8\u8ac7\u5185\u5bb9\n\t\t\t<\/p>\n\t\t<\/th>\n\t\t<td>\n\t\t\t<p><span class=\"wpcf7-form-control-wrap\" data-name=\"checkbox-inq\"><span class=\"wpcf7-form-control wpcf7-checkbox wpcf7-validates-as-required\"><span class=\"wpcf7-list-item first\"><input type=\"checkbox\" name=\"checkbox-inq[]\" value=\"\u3054\u76f8\u8ac7\" \/><span class=\"wpcf7-list-item-label\">\u3054\u76f8\u8ac7<\/span><\/span><span class=\"wpcf7-list-item\"><input type=\"checkbox\" name=\"checkbox-inq[]\" value=\"\u304a\u554f\u3044\u5408\u308f\u305b\" \/><span class=\"wpcf7-list-item-label\">\u304a\u554f\u3044\u5408\u308f\u305b<\/span><\/span><span class=\"wpcf7-list-item last\"><input type=\"checkbox\" name=\"checkbox-inq[]\" value=\"\u305d\u306e\u4ed6\" \/><span class=\"wpcf7-list-item-label\">\u305d\u306e\u4ed6<\/span><\/span><\/span><\/span>\n\t\t\t<\/p>\n\t\t<\/td>\n\t<\/tr>\n\t<tr>\n\t\t<th>\n\t\t\t<p><span class=\"CF7_req\">\u5fc5\u9808<\/span> \u304a\u540d\u524d\n\t\t\t<\/p>\n\t\t<\/th>\n\t\t<td>\n\t\t\t<p><span class=\"wpcf7-form-control-wrap\" data-name=\"your-name\"><input size=\"40\" class=\"wpcf7-form-control wpcf7-text wpcf7-validates-as-required\" aria-required=\"true\" aria-invalid=\"false\" placeholder=\"\u4f8b\uff1a\u3042\u306a\u305f\u306e\u304a\u540d\u524d\" value=\"\" type=\"text\" name=\"your-name\" \/><\/span>\n\t\t\t<\/p>\n\t\t<\/td>\n\t<\/tr>\n\t<tr>\n\t\t<th>\n\t\t\t<p><span class=\"CF7_req\">\u5fc5\u9808<\/span> \u30e1\u30fc\u30eb\u30a2\u30c9\u30ec\u30b9\n\t\t\t<\/p>\n\t\t<\/th>\n\t\t<td>\n\t\t\t<p><span class=\"wpcf7-form-control-wrap\" data-name=\"your-email\"><input size=\"40\" class=\"wpcf7-form-control wpcf7-email wpcf7-validates-as-required wpcf7-text wpcf7-validates-as-email\" aria-required=\"true\" aria-invalid=\"false\" placeholder=\"\u4f8b\uff1a\u00d7\u00d7\u00d7@\u00d7\u00d7\u00d7.com\" value=\"\" type=\"email\" name=\"your-email\" \/><\/span>\n\t\t\t<\/p>\n\t\t<\/td>\n\t<\/tr>\n\t<tr>\n\t\t<th>\n\t\t\t<p><span class=\"CF7_unreq\">\u4efb\u610f<\/span>\u4f1a\u793e\u540d\n\t\t\t<\/p>\n\t\t<\/th>\n\t\t<td>\n\t\t\t<p><span class=\"wpcf7-form-control-wrap\" data-name=\"your-company\"><input size=\"40\" class=\"wpcf7-form-control wpcf7-text\" aria-invalid=\"false\" placeholder=\"\u4f8b\uff1a\u25ef\u25ef\u682a\u5f0f\u4f1a\u793e\" value=\"\" type=\"text\" name=\"your-company\" \/><\/span>\n\t\t\t<\/p>\n\t\t<\/td>\n\t<\/tr>\n\t<tr>\n\t\t<th>\n\t\t\t<p><span class=\"CF7_req\">\u5fc5\u9808<\/span>\u90f5\u4fbf\u756a\u53f7\n\t\t\t<\/p>\n\t\t<\/th>\n\t\t<td>\n\t\t\t<p><span class=\"wpcf7-form-control-wrap\" data-name=\"zip\"><input size=\"40\" class=\"wpcf7-form-control wpcf7-text wpcf7-validates-as-required\" id=\"zip\" aria-required=\"true\" aria-invalid=\"false\" placeholder=\"\u4f8b\uff1a123-4567\" value=\"\" type=\"text\" name=\"zip\" \/><\/span>\n\t\t\t<\/p>\n\t\t<\/td>\n\t<\/tr>\n\t<tr>\n\t\t<th>\n\t\t\t<p><span class=\"CF7_req\">\u5fc5\u9808<\/span>\u90fd\u9053\u5e9c\u770c\n\t\t\t<\/p>\n\t\t<\/th>\n\t\t<td>\n\t\t\t<p><span class=\"wpcf7-form-control-wrap\" data-name=\"pref\"><input size=\"40\" class=\"wpcf7-form-control wpcf7-text wpcf7-validates-as-required\" id=\"pref\" aria-required=\"true\" aria-invalid=\"false\" placeholder=\"\u4f8b\uff1a\u6771\u4eac\u90fd\" value=\"\" type=\"text\" name=\"pref\" \/><\/span>\n\t\t\t<\/p>\n\t\t<\/td>\n\t<\/tr>\n\t<tr>\n\t\t<th>\n\t\t\t<p><span class=\"CF7_req\">\u5fc5\u9808<\/span>\u3054\u4f4f\u6240\n\t\t\t<\/p>\n\t\t<\/th>\n\t\t<td class=\"address-100\">\n\t\t\t<p><span class=\"wpcf7-form-control-wrap\" data-name=\"addr\"><input size=\"40\" class=\"wpcf7-form-control wpcf7-text wpcf7-validates-as-required\" id=\"addr\" aria-required=\"true\" aria-invalid=\"false\" placeholder=\"\u4f8b\uff1a\u4e2d\u592e\u533a\u9280\u5ea7\uff11\uff12\uff13\uff14\uff15\" value=\"\" type=\"text\" name=\"addr\" \/><\/span>\n\t\t\t<\/p>\n\t\t<\/td>\n\t<\/tr>\n\t<tr>\n\t\t<th>\n\t\t\t<p><span class=\"CF7_req\">\u5fc5\u9808<\/span>\u304a\u96fb\u8a71\u756a\u53f7\n\t\t\t<\/p>\n\t\t<\/th>\n\t\t<td>\n\t\t\t<p><span class=\"wpcf7-form-control-wrap\" data-name=\"your-tel\"><input size=\"40\" class=\"wpcf7-form-control wpcf7-text wpcf7-validates-as-required\" aria-required=\"true\" aria-invalid=\"false\" placeholder=\"\u4f8b\uff1a03-1234-5678\" value=\"\" type=\"text\" name=\"your-tel\" \/><\/span>\n\t\t\t<\/p>\n\t\t<\/td>\n\t<\/tr>\n\t<tr>\n\t\t<th>\n\t\t\t<p><span class=\"CF7_req\">\u5fc5\u9808<\/span>\u30e1\u30c3\u30bb\u30fc\u30b8\u672c\u6587\n\t\t\t<\/p>\n\t\t<\/th>\n\t\t<td class=\"message-100\">\n\t\t\t<p><span class=\"wpcf7-form-control-wrap\" data-name=\"your-message\"><textarea cols=\"40\" rows=\"10\" class=\"wpcf7-form-control wpcf7-textarea wpcf7-validates-as-required\" aria-required=\"true\" aria-invalid=\"false\" placeholder=\"\u304a\u554f\u3044\u5408\u308f\u305b\u5185\u5bb9\u3092\u3054\u8a18\u5165\u304f\u3060\u3055\u3044\" name=\"your-message\"><\/textarea><\/span>\u3000\n\t\t\t<\/p>\n\t\t<\/td>\n\t<\/tr>\n<\/table>\n<p class=\"CF7_btn\"><input class=\"wpcf7-form-control wpcf7-submit has-spinner\" type=\"submit\" value=\"\u9001\u4fe1\u3059\u308b\" \/>\n<\/p><div class=\"wpcf7-response-output\" aria-hidden=\"true\"><\/div>\n<\/form>\n<\/div>\n\n","protected":false},"excerpt":{"rendered":"<p>\u30bf\u30ec\u30f3\u30c8\u80b2\u6210\u4e8b\u696d \u25cf\u30aa\u30f3\u30e9\u30a4\u30f3\u6559\u80b2\/\u30d7\u30ed&hellip;<\/p>\n","protected":false},"author":1,"featured_media":0,"parent":0,"menu_order":1,"comment_status":"closed","ping_status":"closed","template":"","meta":{"footnotes":""},"class_list":["post-2","page","type-page","status-publish","hentry"],"_links":{"self":[{"href":"https:\/\/joblays.co.jp\/index.php?rest_route=\/wp\/v2\/pages\/2","targetHints":{"allow":["GET"]}}],"collection":[{"href":"https:\/\/joblays.co.jp\/index.php?rest_route=\/wp\/v2\/pages"}],"about":[{"href":"https:\/\/joblays.co.jp\/index.php?rest_route=\/wp\/v2\/types\/page"}],"author":[{"embeddable":true,"href":"https:\/\/joblays.co.jp\/index.php?rest_route=\/wp\/v2\/users\/1"}],"replies":[{"embeddable":true,"href":"https:\/\/joblays.co.jp\/index.php?rest_route=%2Fwp%2Fv2%2Fcomments&post=2"}],"version-history":[{"count":106,"href":"https:\/\/joblays.co.jp\/index.php?rest_route=\/wp\/v2\/pages\/2\/revisions"}],"predecessor-version":[{"id":304,"href":"https:\/\/joblays.co.jp\/index.php?rest_route=\/wp\/v2\/pages\/2\/revisions\/304"}],"wp:attachment":[{"href":"https:\/\/joblays.co.jp\/index.php?rest_route=%2Fwp%2Fv2%2Fmedia&parent=2"}],"curies":[{"name":"wp","href":"https:\/\/api.w.org\/{rel}","templated":true}]}}